{"id":2,"date":"2021-11-12T11:26:43","date_gmt":"2021-11-12T11:26:43","guid":{"rendered":"http:\/\/galaxiacomercialmentoresatccorreos.com\/?page_id=2"},"modified":"2021-12-03T10:41:25","modified_gmt":"2021-12-03T10:41:25","slug":"sample-page","status":"publish","type":"page","link":"https:\/\/galaxiacomercialmentoresatccorreos.com\/","title":{"rendered":""},"content":{"rendered":"\n<div class=\"wp-block-columns alignfull is-layout-flex wp-container-core-columns-is-layout-9d6595d7 wp-block-columns-is-layout-flex\">\n<div class=\"wp-block-column is-layout-flow wp-block-column-is-layout-flow\" style=\"flex-basis:100%\">\n            <div \n                class=\"elfsight-widget-slider elfsight-widget\" \n                data-elfsight-slider-options=\"%7B%22slides%22%3A%5B%7B%22media%22%3A%22http%3A%5C%2F%5C%2Fgalaxiacomercialmentoresatccorreos.com%5C%2Fwp-content%5C%2Fuploads%5C%2F2021%5C%2F11%5C%2Fcropped-milky-way-galaxy-2021-08-31-11-29-39-utc-scaled-1.jpg%22%2C%22contentLayout%22%3A%22center%22%2C%22contentTitleEnabled%22%3Atrue%2C%22contentTitleText%22%3A%22La%20historia%20de%20la%20Galaxia%22%2C%22contentTitleColor%22%3A%22rgb%28255%2C%20255%2C%20255%29%22%2C%22contentTitleFontSize%22%3A56%2C%22contentTitleFontWeight%22%3A%22bold%22%2C%22contentTextEnabled%22%3Atrue%2C%22contentTextText%22%3A%22Correos%20ha%20sido%20durante%20el%20arranque%20del%20siglo%20XXI%2C%20el%20mejor%20proveedor%20de%20servicios%20de%20comunicaciones%20f%5Cu00edsicas%2C%20digitales%20y%20de%20paqueter%5Cu00eda%20del%20pa%5Cu00eds.%20Todo%20ello%2C%26nbsp%3Bgracias%20a%20empleados%20que%20no%20se%20han%20cansado%20de%20mantener%20a%20Correos%20a%20la%20vanguardia%20y%20llevarlo%20a%20superar%20los%20desaf%5Cu00edos.%26nbsp%3B%5Cu200b%3Cdiv%3E%3Cbr%3E%3C%5C%2Fdiv%3E%3Cdiv%3EHoy%2C%20Correos%20sigue%20en%20su%20continua%20transformaci%5Cu00f3n%20comercial%2C%20pero%20lo%20que%20no%20cambian%20son%20las%20ganas%20de%20seguir%20aprendiendo%20unos%20de%20otros%2C%20para%20adoptar%26nbsp%3Bpr%5Cu00e1cticas%20comunes%20que%20ayuden%20a%20dar%20mejor%20servicio%20a%20los%20clientes.%26nbsp%3B%3C%5C%2Fdiv%3E%3Cdiv%3E%3Cbr%3E%3C%5C%2Fdiv%3E%3Cdiv%3E%5Cu200bLa%20Galaxia%20Comercial%20es%20un%20lugar%20de%20encuentro%20entre%20profesionales%20comerciales%20y%20de%20la%20Atenci%5Cu00f3n%20al%20Cliente%2C%20donde%20compartir%20esas%20buenas%20pr%5Cu00e1cticas%20comerciales%26nbsp%3By%20de%20captaci%5Cu00f3n.%20Esta%20Galaxia%20se%20forma%20por%20la%20uni%5Cu00f3n%20de%20dos%20Constelaciones%3A%20la%20constelaci%5Cu00f3n%20de%20mentores%20y%20la%20constelaci%5Cu00f3n%20de%26nbsp%3Bmentorizados.%26nbsp%3B%3C%5C%2Fdiv%3E%3Cdiv%3E%3Cbr%3E%3C%5C%2Fdiv%3E%3Cdiv%3E%3Cstrong%3E%5Cu00a1Despega%20a%20la%20galaxia%21%3C%5C%2Fstrong%3E%3C%5C%2Fdiv%3E%22%2C%22contentTextColor%22%3A%22rgb%28255%2C%20255%2C%20255%29%22%2C%22contentTextFontSize%22%3A21%2C%22contentButtonEnabled%22%3Afalse%2C%22contentButtonText%22%3A%22%5Cu00a1DESPEGA%20A%20LA%20GALAXIA%21%22%2C%22contentButtonLink%22%3A%22%22%2C%22contentButtonStyle%22%3A%22filled%22%2C%22contentButtonShape%22%3A9%2C%22contentButtonColor%22%3A%22rgb%28254%2C%20213%2C%201%29%22%2C%22contentButtonFontSize%22%3A18%2C%22contentMediaEnabled%22%3Afalse%2C%22contentMedia%22%3Anull%2C%22contentImageSize%22%3A100%2C%22contentBadgeEnabled%22%3Atrue%2C%22contentBadgeText%22%3A%22Bienvenido%20a%20la%20galaxia%20comercial%22%2C%22contentBadgeColor%22%3A%22rgb%28255%2C%20255%2C%20255%29%22%2C%22contentBadgeFontSize%22%3A16%2C%22contentBadgeStyle%22%3A%22outline%22%2C%22contentOverlayEnabled%22%3Atrue%2C%22contentOverlayColor%22%3A%22rgba%2834%2C%2034%2C%2034%2C%200.4%29%22%2C%22contentHorizontalPosition%22%3A50%2C%22contentVerticalPosition%22%3A50%2C%22imageEffect%22%3A%22zoom%22%2C%22imageLink%22%3A%22%22%2C%22undefined%22%3Anull%2C%22contentButtonOpenLinkInNewTab%22%3Afalse%7D%5D%2C%22width%22%3A%22100%25%22%2C%22height%22%3A800%2C%22paginationEnabled%22%3Atrue%2C%22paginationStyle%22%3A%22bullets%22%2C%22paginationAlign%22%3A%22center%22%2C%22paginationPosition%22%3A%22inside%22%2C%22paginationColor%22%3A%22rgb%28255%2C%20255%2C%20255%29%22%2C%22arrowsEnabled%22%3Atrue%2C%22arrowsPreviewNext%22%3Afalse%2C%22arrowsPosition%22%3A%22inside%22%2C%22arrowsColor%22%3A%22rgb%28255%2C%20255%2C%20255%29%22%2C%22autoSlideEnabled%22%3Afalse%2C%22autoSlideDelay%22%3A5%2C%22autoSlidePauseOnHover%22%3Atrue%2C%22autoSlideProgressbar%22%3Atrue%2C%22transitionEffect%22%3A%22slide%22%2C%22transitionDuration%22%3A0.6%2C%22swipeEnabled%22%3Atrue%2C%22mobileSwipeEnabled%22%3Atrue%2C%22infiniteLoop%22%3Atrue%2C%22widgetId%22%3A%222%22%7D\" \n                data-elfsight-slider-version=\"1.1.0\"\n                data-elfsight-widget-id=\"elfsight-slider-2\">\n            <\/div>\n            \n<\/div>\n<\/div>\n\n\n\n<div class=\"wp-block-columns alignfull are-vertically-aligned-center is-layout-flex wp-container-core-columns-is-layout-9d6595d7 wp-block-columns-is-layout-flex\">\n<div class=\"wp-block-column is-vertically-aligned-center is-layout-flow wp-block-column-is-layout-flow\" style=\"flex-basis:50%\">\n<p><\/p>\n\n\n\n<div class=\"wp-block-cover has-background-dim\" style=\"min-height:1260px;aspect-ratio:unset;\"><img loading=\"lazy\" decoding=\"async\" width=\"1431\" height=\"1440\" class=\"wp-block-cover__image-background wp-image-75\" alt=\"\" src=\"https:\/\/galaxiacomercialmentoresatccorreos.com\/wp-content\/uploads\/2021\/11\/Sin-titulo-2.jpg\" data-object-fit=\"cover\" srcset=\"https:\/\/galaxiacomercialmentoresatccorreos.com\/wp-content\/uploads\/2021\/11\/Sin-titulo-2.jpg 1431w, https:\/\/galaxiacomercialmentoresatccorreos.com\/wp-content\/uploads\/2021\/11\/Sin-titulo-2-298x300.jpg 298w, https:\/\/galaxiacomercialmentoresatccorreos.com\/wp-content\/uploads\/2021\/11\/Sin-titulo-2-1018x1024.jpg 1018w, https:\/\/galaxiacomercialmentoresatccorreos.com\/wp-content\/uploads\/2021\/11\/Sin-titulo-2-150x150.jpg 150w, https:\/\/galaxiacomercialmentoresatccorreos.com\/wp-content\/uploads\/2021\/11\/Sin-titulo-2-768x773.jpg 768w\" sizes=\"auto, (max-width: 1431px) 100vw, 1431px\" \/><div class=\"wp-block-cover__inner-container is-layout-flow wp-block-cover-is-layout-flow\">\n<h2 class=\"has-text-align-center has-text-color has-large-font-size wp-block-heading\" style=\"color:#fed501\"><strong>El Mentor<\/strong>\u200b<\/h2>\n\n\n\n<p class=\"has-text-align-center\" style=\"font-size:24px\">\u00bf<strong>Quien es<\/strong>?<\/p>\n\n\n\n<p class=\"has-text-align-center has-medium-font-size\">El mentor es la figura que ayuda al desarrollo del compa\u00f1ero al&nbsp;compartir su experiencia y conocimientos.\u200b<\/p>\n\n\n\n<p class=\"has-text-align-center\" style=\"font-size:24px\">\u00bf<strong>Beneficios<\/strong>\u200b?<\/p>\n\n\n\n<ul class=\"has-medium-font-size wp-block-list\"><li>Crecer profesionalmente al compartir buenas pr\u00e1cticas.\u200b<\/li><li>Asentar conocimientos y ponerlos en valor.\u200b<\/li><li>Ganar visi\u00f3n de la organizaci\u00f3n al conocer los retos de otros&nbsp;compa\u00f1eros.\u200b<\/li><li>Ayudar a compa\u00f1eros a superar sus retos.\u200b<\/li><\/ul>\n\n\n\n<p class=\"has-text-align-center\" style=\"font-size:24px\"><strong>\u00bfQu\u00e9 hace?<\/strong>\u200b<\/p>\n\n\n\n<ul class=\"has-medium-font-size wp-block-list\"><li>Mantiene conversaciones con el compa\u00f1ero&nbsp;mentorizado&nbsp;centradas en obtener soluciones a los retos planteados.&nbsp;\u200b<\/li><li>Se interesa por el contexto, expectativas y objetivos de&nbsp;desarrollo del compa\u00f1ero.\u200b<\/li><li>Apoya la reflexi\u00f3n sobre las buenas pr\u00e1cticas y acciones para&nbsp;superar el reto planteado.\u200b<\/li><li>Realiza seguimiento de las acciones acordadas y del progreso&nbsp;del&nbsp;mentorizado.\u200b<\/li><\/ul>\n\n\n\n<p><\/p>\n\n\n\n<div class=\"wp-block-buttons is-layout-flex wp-block-buttons-is-layout-flex\">\n<div class=\"wp-block-button has-custom-width wp-block-button__width-100 is-style-fill\"><a class=\"wp-block-button__link has-ast-global-color-8-color has-text-color has-background\" href=\"https:\/\/galaxiacomercialmentoresatccorreos.com\/?page_id=113\" style=\"border-radius:13px;background-color:#fed501\"><strong>\u00danete a la Constelaci\u00f3n de Mentores <\/strong><\/a><\/div>\n<\/div>\n<\/div><\/div>\n<\/div>\n\n\n\n<div class=\"wp-block-column is-layout-flow wp-block-column-is-layout-flow\" style=\"flex-basis:50%\">\n<p><\/p>\n\n\n\n<div class=\"wp-block-cover has-background-dim\" style=\"min-height:1260px;aspect-ratio:unset;\"><img loading=\"lazy\" decoding=\"async\" width=\"799\" height=\"1259\" class=\"wp-block-cover__image-background wp-image-73\" alt=\"\" src=\"https:\/\/galaxiacomercialmentoresatccorreos.com\/wp-content\/uploads\/2021\/11\/Sin-titulo-1-e1638517636165.jpg\" style=\"object-position:48% 1%\" data-object-fit=\"cover\" data-object-position=\"48% 1%\" srcset=\"https:\/\/galaxiacomercialmentoresatccorreos.com\/wp-content\/uploads\/2021\/11\/Sin-titulo-1-e1638517636165.jpg 799w, https:\/\/galaxiacomercialmentoresatccorreos.com\/wp-content\/uploads\/2021\/11\/Sin-titulo-1-e1638517636165-190x300.jpg 190w, https:\/\/galaxiacomercialmentoresatccorreos.com\/wp-content\/uploads\/2021\/11\/Sin-titulo-1-e1638517636165-650x1024.jpg 650w, https:\/\/galaxiacomercialmentoresatccorreos.com\/wp-content\/uploads\/2021\/11\/Sin-titulo-1-e1638517636165-768x1210.jpg 768w\" sizes=\"auto, (max-width: 799px) 100vw, 799px\" \/><div class=\"wp-block-cover__inner-container is-layout-flow wp-block-cover-is-layout-flow\">\n<h2 class=\"has-text-align-center has-text-color has-large-font-size wp-block-heading\" style=\"color:#fed501\"><strong>El Mentorizado<\/strong><\/h2>\n\n\n\n<p class=\"has-text-align-center\" style=\"font-size:24px\">   \u00bf<strong>Quien es<\/strong>?<\/p>\n\n\n\n<p class=\"has-text-align-center has-medium-font-size\">El&nbsp;mentorizado&nbsp;es la figura que recibe la ayuda del compa\u00f1ero para&nbsp;seguir creciendo profesionalmente\u200b.<\/p>\n\n\n\n<p class=\"has-text-align-center\" style=\"font-size:24px\">   \u00bf<strong>Beneficios<\/strong>\u200b?<\/p>\n\n\n\n<ul class=\"has-medium-font-size wp-block-list\"><li>Crecer profesionalmente al conocer buenas pr\u00e1cticas aplicadas&nbsp;por compa\u00f1eros.\u200b<\/li><li>Obtener un nuevo punto de vista de las acciones que te&nbsp;impiden la venta.\u200b<\/li><li>Contar con un apoyo para superar los retos comerciales.\u200b<\/li><li>Ganar autonom\u00eda y mejorar los resultados.\u200b<\/li><\/ul>\n\n\n\n<p class=\"has-text-align-center\" style=\"font-size:24px\">   <strong>\u00bfQu\u00e9 hace?<\/strong>\u200b<\/p>\n\n\n\n<ul class=\"has-medium-font-size wp-block-list\"><li>Recibe ayuda del compa\u00f1ero Mentor para resolver sus retos.\u200b<\/li><li>Traslada el contexto, expectativas y objetivos de desarrollo al&nbsp;compa\u00f1ero.\u200b<\/li><li>Reflexiona de manera guiada sobre las buenas pr\u00e1cticas y&nbsp;acciones para superar el reto planteado.\u200b<\/li><li>Recibe seguimiento y apoyo de las acciones acordadas.\u200b<\/li><\/ul>\n\n\n\n<p><\/p>\n\n\n\n<div class=\"wp-block-buttons is-layout-flex wp-block-buttons-is-layout-flex\">\n<div class=\"wp-block-button has-custom-width wp-block-button__width-100 is-style-fill\"><a class=\"wp-block-button__link has-ast-global-color-8-color has-text-color has-background\" href=\"https:\/\/galaxiacomercialmentoresatccorreos.com\/?page_id=120\" style=\"border-radius:14px;background-color:#fed501\"><strong>\u00danete a la Constelaci\u00f3n de&nbsp;Mentorizados&nbsp;<\/strong><\/a><\/div>\n<\/div>\n<\/div><\/div>\n<\/div>\n<\/div>\n\n\n\n<h2 class=\"has-text-align-center wp-block-heading\">Para saber m\u00e1s&#8230;<\/h2>\n\n\n\n<div class=\"wp-block-columns is-layout-flex wp-container-core-columns-is-layout-9d6595d7 wp-block-columns-is-layout-flex\">\n<div class=\"wp-block-column is-layout-flow wp-block-column-is-layout-flow\" style=\"flex-basis:100%\">\n<p class=\"has-text-align-center\">Si tienes alguna duda del funcionamiento de la Galaxia y sus Constelaciones, no dudes en ponerte en contacto con sus guardianas y ellas te orientar\u00e1n:<\/p>\n<\/div>\n<\/div>\n\n\n\n<div class=\"wp-block-columns is-layout-flex wp-container-core-columns-is-layout-9d6595d7 wp-block-columns-is-layout-flex\">\n<div class=\"wp-block-column is-layout-flow wp-block-column-is-layout-flow\" style=\"flex-basis:100%\">\n<p class=\"has-text-align-center\">amalia.blazquez@correos.com<\/p>\n\n\n\n<p class=\"has-text-align-center\">jennifer.saldana@correos.com<\/p>\n<\/div>\n<\/div>\n\n\n\n<div class=\"wp-block-columns is-layout-flex wp-container-core-columns-is-layout-9d6595d7 wp-block-columns-is-layout-flex\"><\/div>\n\n\n<div class=\"aligncenter wp-block-site-logo\"><a href=\"https:\/\/galaxiacomercialmentoresatccorreos.com\/\" class=\"custom-logo-link\" rel=\"home\"><img loading=\"lazy\" decoding=\"async\" width=\"239\" height=\"66\" src=\"https:\/\/galaxiacomercialmentoresatccorreos.com\/wp-content\/uploads\/2021\/11\/cropped-MicrosoftTeams-image-8.png\" class=\"custom-logo\" alt=\"\u00a1Bienvenido a la Galaxia comercial!\" \/><\/a><\/div>","protected":false},"excerpt":{"rendered":"<p>Para saber m\u00e1s&#8230; Si tienes alguna duda del funcionamiento de la Galaxia y sus Constelaciones, no dudes en ponerte en contacto con sus guardianas y ellas te orientar\u00e1n: amalia.blazquez@correos.com jennifer.saldana@correos.com<\/p>\n","protected":false},"author":1,"featured_media":0,"parent":0,"menu_order":0,"comment_status":"closed","ping_status":"open","template":"template-custom-page.php","meta":{"site-sidebar-layout":"","site-content-layout":"","ast-main-header-display":"","ast-hfb-above-header-display":"","ast-hfb-below-header-display":"","ast-hfb-mobile-header-display":"","site-post-title":"","ast-breadcrumbs-content":"","ast-featured-img":"","footer-sml-layout":"","theme-transparent-header-meta":"","adv-header-id-meta":"","stick-header-meta":"","header-above-stick-meta":"","header-main-stick-meta":"","header-below-stick-meta":"","footnotes":""},"class_list":["post-2","page","type-page","status-publish","hentry"],"_links":{"self":[{"href":"https:\/\/galaxiacomercialmentoresatccorreos.com\/index.php?rest_route=\/wp\/v2\/pages\/2","targetHints":{"allow":["GET"]}}],"collection":[{"href":"https:\/\/galaxiacomercialmentoresatccorreos.com\/index.php?rest_route=\/wp\/v2\/pages"}],"about":[{"href":"https:\/\/galaxiacomercialmentoresatccorreos.com\/index.php?rest_route=\/wp\/v2\/types\/page"}],"author":[{"embeddable":true,"href":"https:\/\/galaxiacomercialmentoresatccorreos.com\/index.php?rest_route=\/wp\/v2\/users\/1"}],"replies":[{"embeddable":true,"href":"https:\/\/galaxiacomercialmentoresatccorreos.com\/index.php?rest_route=%2Fwp%2Fv2%2Fcomments&post=2"}],"version-history":[{"count":44,"href":"https:\/\/galaxiacomercialmentoresatccorreos.com\/index.php?rest_route=\/wp\/v2\/pages\/2\/revisions"}],"predecessor-version":[{"id":199,"href":"https:\/\/galaxiacomercialmentoresatccorreos.com\/index.php?rest_route=\/wp\/v2\/pages\/2\/revisions\/199"}],"wp:attachment":[{"href":"https:\/\/galaxiacomercialmentoresatccorreos.com\/index.php?rest_route=%2Fwp%2Fv2%2Fmedia&parent=2"}],"curies":[{"name":"wp","href":"https:\/\/api.w.org\/{rel}","templated":true}]}}